{"id":6228,"date":"2020-03-27T07:22:37","date_gmt":"2020-03-27T14:22:37","guid":{"rendered":"https:\/\/thinkyourself.com\/?page_id=6228"},"modified":"2020-04-09T12:04:27","modified_gmt":"2020-04-09T19:04:27","slug":"zumbaforkids","status":"publish","type":"page","link":"https:\/\/thinkyourself.com\/fr\/zumbaforkids\/","title":{"rendered":"Zumba for Kids"},"content":{"rendered":"<h1 style=\"text-align: center;\">ZUMBA FOR KIDS<\/h1>\n<p style=\"\"><span>DISCLAIMER: By unlocking the videos below, you acknowledge that you have voluntarily chosen to participate in these exercises. You understand that these programs can enhance your musculoskeletal and cardio respiratory systems. You also understan there are inherent risks in participating in program\/activity of strenuous exercise. You have been informed of the possible strenuous nature of a fitness training program\/activity and the potential for unusual but possible, physiological results including but not limited to, abnormal blood pressure, muscle soreness, fainting, heart attack or death. &#8211;&nbsp;<\/span><span><span>You understand that you are not obligated to perform nor participate in any program\/activity that you do not wish to do and that it is your right to refuse such participation at any time during your training sessions. You understand that should you feel lightheaded, faint, dizzy, nauseated or experience pain or discomfort, you are to stop the program\/activity. &#8211;&nbsp;<\/span><\/span><span>By unlocking these videos, you assume all risks for your health and well-being. You hold harmless of any responsibility the instructor or any persons involved with this program\/activity and testing procedures. You understand that questions about exercise procedures and recommendations are encouraged and welcomed.<\/span><\/p>\n<p style=\"text-align: center;\">ZUMBA: Kids class<\/p>\n<p>Note: this was recorded quickly to allow your kids to exercise, get their endorphins and have fun while they may be stuck at home. This is NOT a professional video. Just my way to pitch in. &#8211; The content in this video is created especially for Children. Enjoy!<\/p>\n<div class=\"tve_content_lock tve_lock_hide tve_lead_lock\">\n                <div class=\"tve_lead_lock_shortcode\"><span style=\"display:none\" class=\"tl-placeholder-f-type-shortcode_6210\"><\/span><\/div>\n                <div class=\"tve_lead_locked_content\"><div class=\"tve_lead_locked_overlay\"><\/div>\n<p><\/p><\/div>\n            <\/div>\n<p style=\"text-align: center;\">THINK Yourself\u00ae POSITIVE &#8211; The Adventures of Captain Vic<\/p>\n<p>Looking for more activities to do with your kids while you are at home? Watch the video below to learn more and then <a href=\"https:\/\/thinkyourself.com\/wishlist-member\/?reg=1571965344\" style=\"outline: none;\" target=\"_blank\" rel=\"noopener noreferrer\">CLICK HERE for your FREE TRIAL.<\/a><\/p>\n<p><span><a href=\"https:\/\/thinkyourself.com\/tya-kids-parents\/\" target=\"_blank\" rel=\"noopener noreferrer\"><img data-recalc-dims=\"1\" loading=\"lazy\" decoding=\"async\" alt=\"\" data-id=\"6188\" width=\"1224\" height=\"306\" title=\"Self Esteem horizontal post advert\" src=\"https:\/\/i0.wp.com\/thinkyourself.com\/wp-content\/uploads\/2020\/03\/Self-Esteem-horizontal-post-advert.png?resize=1224%2C306&#038;quality=80&#038;ssl=1\" data-link-wrap=\"1\"><\/a><\/span><\/p>\n<p style=\"text-align: center;\">\n<p style=\"text-align: center;\">ZUMBA : Classe pour Enfants &#8211; Instructions en Fran\u00e7ais<\/p>\n<p>Note : ceci a \u00e9t\u00e9 enregistr\u00e9 rapidement pour permettre \u00e0 vos enfants de faire de l&rsquo;exercice, de prendre leurs endorphines et de s&rsquo;amuser pendant qu&rsquo;ils sont coinc\u00e9s \u00e0 la maison. Ceci n&rsquo;est PAS une vid\u00e9o professionnelle. C&rsquo;est juste ma fa\u00e7on de contribuer. &#8211; Le contenu de cette vid\u00e9o EST cr\u00e9\u00e9 sp\u00e9cialement pour les enfants. Amusez-vous bien !<\/p>\n<div class=\"tve_content_lock tve_lock_hide tve_lead_lock\">\n                <div class=\"tve_lead_lock_shortcode\"><span style=\"display:none\" class=\"tl-placeholder-f-type-shortcode_6212\"><\/span><\/div>\n                <div class=\"tve_lead_locked_content\"><div class=\"tve_lead_locked_overlay\"><\/div>\n<p><\/p><\/div>\n            <\/div>\n<p style=\"text-align: center;\">POSITIF Par La Pens\u00e9e &#8211; Les Aventures de Capitaine Vic<\/p>\n<p>Vous cherchez d&rsquo;autres activit\u00e9s \u00e0 faire avec vos enfants pendant qu&rsquo;ils sont \u00e0 la maison? Regardez la vid\u00e9o ci-bas pour en savoir plus et ensuite <a href=\"https:\/\/thinkyourself.com\/wishlist-member\/?reg=1572905250\" style=\"outline: none;\" target=\"_blank\" rel=\"noopener noreferrer\">CLIQUEZ ICI pour acc\u00e9der \u00e0 votre ESSAI GRATUIT.<\/a><\/p>\n<p><span><a href=\"https:\/\/thinkyourself.com\/academie-par-la-pensee-parents\/\" target=\"_blank\" rel=\"noopener noreferrer\"><img data-recalc-dims=\"1\" loading=\"lazy\" decoding=\"async\" alt=\"\" data-id=\"6187\" width=\"1225\" height=\"310\" title=\"Estime de Soi horizontal post advert\" src=\"https:\/\/i0.wp.com\/thinkyourself.com\/wp-content\/uploads\/2020\/03\/Estime-de-Soi-horizontal-post-advert.png?resize=1225%2C310&#038;quality=80&#038;ssl=1\" data-link-wrap=\"1\"><\/a><\/span><\/p>\n<h2 style=\"text-align: center;\"><\/h2>\n<h2 style=\"text-align: center;\"><span style=\"font-family: Georgia,serif;\">Adult Fitness Classes &#8211; Zumba &amp; Strong for Adults<\/span><\/h2>\n<p style=\"text-align: center;\"><a href=\"https:\/\/thinkyourself.com\/online-fitness\" style=\"outline: none;\" target=\"_blank\" rel=\"noopener noreferrer\">Check out my platform with free videos for Adult Fitness<\/a><\/p>\n<h2 style=\"text-align: center;\"><\/h2>\n<h2 style=\"text-align: center;\"><span style=\"font-family: Georgia,serif;\">Looking for something to read?<\/span><\/h2>\n<p style=\"text-align: center;\">Check out my <a href=\"https:\/\/thinkyourself.com\/product-category\/books\/\" style=\"outline: none;\" target=\"_blank\" rel=\"noopener noreferrer\">THINK Yourself\u00ae Book Series<\/a>.<\/p>\n<p><span><a href=\"https:\/\/thinkyourself.com\/product-category\/books\/\" target=\"_blank\" rel=\"noopener noreferrer\"><img data-recalc-dims=\"1\" loading=\"lazy\" decoding=\"async\" alt=\"\" data-id=\"6219\" width=\"3659\" height=\"921\" title=\"All covers 6 books\" src=\"https:\/\/i0.wp.com\/thinkyourself.com\/wp-content\/uploads\/2020\/03\/All-covers-6-books.png?resize=3659%2C921&#038;quality=80&#038;ssl=1\" data-link-wrap=\"1\"><\/a><\/span><span><a href=\"https:\/\/thinkyourself.com\/online-programs\/\" target=\"_blank\" rel=\"noopener noreferrer\"><img data-recalc-dims=\"1\" loading=\"lazy\" decoding=\"async\" alt=\"\" data-id=\"6392\" width=\"2560\" height=\"636\" title=\"Post advert THINK Yourself HEALTHY low\" src=\"https:\/\/i0.wp.com\/thinkyourself.com\/wp-content\/uploads\/2020\/04\/Post-advert-THINK-Yourself-HEALTHY-low-scaled.jpg?resize=2560%2C636&#038;quality=89&#038;ssl=1\" data-link-wrap=\"1\"><\/a><\/span><\/p>\n","protected":false},"excerpt":{"rendered":"<p>ZUMBA FOR KIDS DISCLAIMER: By unlocking the videos below, you acknowledge that you have voluntarily chosen to participate in these exercises. You understand that these programs can enhance your musculoskeletal and cardio respiratory systems. You also understan there are inherent risks in participating in program\/activity of strenuous exercise. You have been informed of the possible [&hellip;]<\/p>\n","protected":false},"author":3,"featured_media":6236,"parent":0,"menu_order":0,"comment_status":"closed","ping_status":"closed","template":"fullwidth-page.php","meta":{"footnotes":""},"class_list":["post-6228","page","type-page","status-publish","has-post-thumbnail","hentry","post-wrapper","thrv_wrapper"],"jetpack_sharing_enabled":true,"_links":{"self":[{"href":"https:\/\/thinkyourself.com\/fr\/wp-json\/wp\/v2\/pages\/6228","targetHints":{"allow":["GET"]}}],"collection":[{"href":"https:\/\/thinkyourself.com\/fr\/wp-json\/wp\/v2\/pages"}],"about":[{"href":"https:\/\/thinkyourself.com\/fr\/wp-json\/wp\/v2\/types\/page"}],"author":[{"embeddable":true,"href":"https:\/\/thinkyourself.com\/fr\/wp-json\/wp\/v2\/users\/3"}],"replies":[{"embeddable":true,"href":"https:\/\/thinkyourself.com\/fr\/wp-json\/wp\/v2\/comments?post=6228"}],"version-history":[{"count":10,"href":"https:\/\/thinkyourself.com\/fr\/wp-json\/wp\/v2\/pages\/6228\/revisions"}],"predecessor-version":[{"id":6433,"href":"https:\/\/thinkyourself.com\/fr\/wp-json\/wp\/v2\/pages\/6228\/revisions\/6433"}],"wp:featuredmedia":[{"embeddable":true,"href":"https:\/\/thinkyourself.com\/fr\/wp-json\/wp\/v2\/media\/6236"}],"wp:attachment":[{"href":"https:\/\/thinkyourself.com\/fr\/wp-json\/wp\/v2\/media?parent=6228"}],"curies":[{"name":"wp","href":"https:\/\/api.w.org\/{rel}","templated":true}]}}