{"id":6050,"date":"2020-03-04T22:37:33","date_gmt":"2020-03-05T06:37:33","guid":{"rendered":"https:\/\/thinkyourself.com\/?page_id=6050"},"modified":"2020-08-01T15:18:33","modified_gmt":"2020-08-01T22:18:33","slug":"free-gifts","status":"publish","type":"page","link":"https:\/\/thinkyourself.com\/fr\/free-gifts\/","title":{"rendered":"Free Gifts"},"content":{"rendered":"<h1 style=\"text-align: center;\"><span style=\"font-weight: normal;\">Free Gifts<\/span><\/h1>\n<p><span><img data-recalc-dims=\"1\" decoding=\"async\" alt=\"\" data-id=\"7465\" width=\"300\" height=\"369\" title=\"cover Checklist TYVFP\" src=\"https:\/\/i0.wp.com\/thinkyourself.com\/wp-content\/uploads\/2020\/07\/cover-Checklist-TYVFP-e1594563936551.png?resize=300%2C369&#038;quality=80&#038;ssl=1\" style=\"\" ml-d=\"0\" data-init-width=\"247\" data-init-height=\"304\" loading=\"lazy\" data-width=\"300\" data-height=\"369\"><\/span><\/p>\n<h2 style=\"text-align: center;\">THINK Yourself\u00ae <span style=\"text-transform: uppercase;\">A VIRTUAL FITNESS PRO&nbsp;<\/span><\/h2>\n<h2 style=\"text-align: center;\"><span style=\"text-transform: uppercase;\">CHECKLISTS<\/span><\/h2>\n<p style=\"text-align: center;\">Your Checklists from the Online Course<\/p>\n<p style=\"text-align: center;\">THINK Yourself\u00ae A VIRTUAL FITNESS PRO.<\/p>\n<p><span><img data-recalc-dims=\"1\" decoding=\"async\" alt=\"\" data-id=\"7466\" width=\"300\" height=\"364\" title=\"couvert Listes de Controle RLPLP\" src=\"https:\/\/i0.wp.com\/thinkyourself.com\/wp-content\/uploads\/2020\/07\/couvert-Listes-de-Controle-RLPLP-e1594564068751.png?resize=300%2C364&#038;quality=80&#038;ssl=1\" style=\"\" ml-d=\"0\" data-init-width=\"248\" data-init-height=\"301\" loading=\"lazy\" data-width=\"300\" data-height=\"364\"><\/span><\/p>\n<h2 style=\"text-align: center;\">LISTES DE CONTR\u00d4LE du cours R\u00c9USSIR EN LIGNE Par La Pens\u00e9e<\/h2>\n<p style=\"text-align: center;\">Vos listes de contr\u00f4le pour r\u00e9ussir en ligne<\/p>\n<p><span><img data-recalc-dims=\"1\" decoding=\"async\" alt=\"\" data-id=\"7019\" width=\"300\" height=\"367\" title=\"cover handout TYC\" src=\"https:\/\/i0.wp.com\/thinkyourself.com\/wp-content\/uploads\/2020\/05\/cover-handout-TYC.png?resize=300%2C367&#038;quality=80&#038;ssl=1\" style=\"\" ml-d=\"0\" data-init-width=\"603\" data-init-height=\"737\" loading=\"lazy\" data-width=\"300\" data-height=\"367\"><\/span><\/p>\n<h2 style=\"text-align: center;\">THINK Yourself\u00ae <span style=\"text-transform: uppercase;\">CONFIDENT <\/span><\/h2>\n<h2 style=\"text-align: center;\"><span style=\"text-transform: uppercase;\">Workbook<\/span><\/h2>\n<p style=\"text-align: center;\">Your Implementation Guide for the Online Course<\/p>\n<p style=\"text-align: center;\">THINK Yourself\u00ae CONFIDENT.<\/p>\n<p><span><img data-recalc-dims=\"1\" decoding=\"async\" alt=\"\" data-id=\"7020\" width=\"300\" height=\"372\" title=\"cover handout TYBP New 2020 low\" src=\"https:\/\/i0.wp.com\/thinkyourself.com\/wp-content\/uploads\/2020\/05\/cover-handout-TYBP-New-2020-low-scaled.jpg?resize=300%2C372&#038;quality=89&#038;ssl=1\" style=\"\" ml-d=\"0\" data-init-width=\"2066\" data-init-height=\"2560\" loading=\"lazy\" data-width=\"300\" data-height=\"372\"><\/span><\/p>\n<h2 style=\"text-align: center;\">THINK Yourself\u00ae <span style=\"text-transform: uppercase;\">A BUSINESS PRO Workbook<\/span><\/h2>\n<p style=\"text-align: center;\">Your Implementation Guide for the Online Course<\/p>\n<p style=\"text-align: center;\">THINK Yourself\u00ae A BUSINESS PRO.<\/p>\n<p><span><img data-recalc-dims=\"1\" decoding=\"async\" alt=\"\" data-id=\"7021\" width=\"300\" height=\"374\" title=\"TYTechPro Webinar-Handout cover\" src=\"https:\/\/i0.wp.com\/thinkyourself.com\/wp-content\/uploads\/2020\/05\/TYTechPro-Webinar-Handout-cover.png?resize=300%2C374&#038;quality=80&#038;ssl=1\" style=\"\" ml-d=\"0\" data-init-width=\"708\" data-init-height=\"882\" loading=\"lazy\" data-width=\"300\" data-height=\"374\"><\/span><\/p>\n<h2 style=\"text-align: center;\">THINK Yourself\u00ae<\/h2>\n<h2 style=\"text-align: center;\"><span style=\"text-transform: uppercase;\">A TECH PRO Workbook<\/span><\/h2>\n<p style=\"text-align: center;\">Your Implementation Guide for the Online Course<\/p>\n<p style=\"text-align: center;\">THINK Yourself\u00ae A TECH PRO<\/p>\n<p style=\"text-align: center;\">Part One<\/p>\n<p><span><img data-recalc-dims=\"1\" loading=\"lazy\" decoding=\"async\" alt=\"\" data-id=\"3335\" width=\"282\" height=\"350\" title=\"STYLE-L.I.S.T. Tool cover\" src=\"https:\/\/i0.wp.com\/thinkyourself.com\/wp-content\/uploads\/2018\/07\/STYLE-L.I.S.T.-Tool-cover.png?resize=282%2C350&#038;quality=80&#038;ssl=1\" style=\"\" ml-d=\"0\" data-width=\"282\" data-height=\"350\" data-init-width=\"509\" data-init-height=\"631\"><\/span><\/p>\n<h2 style=\"text-align: center;\">THE STYLE-L.I.S.T. ASSESSMENT TOOL<\/h2>\n<p style=\"text-align: center;\">Personality Assessment Tool to Know Yourself &nbsp;&amp; Master Communication.<\/p>\n<p><span><img data-recalc-dims=\"1\" decoding=\"async\" alt=\"\" data-id=\"6623\" width=\"198\" height=\"297\" title=\"TYS Workbook Cover NEW IMAGE\" src=\"https:\/\/i0.wp.com\/thinkyourself.com\/wp-content\/uploads\/2020\/04\/TYS-Workbook-Cover-NEW-IMAGE.png?resize=198%2C297&#038;quality=80&#038;ssl=1\" style=\"\" ml-d=\"0\" data-init-width=\"494\" data-init-height=\"742\" loading=\"lazy\" data-width=\"198\" data-height=\"297\"><\/span><\/p>\n<h2 style=\"text-align: center;\">THINK Yourself\u00ae <span style=\"text-transform: uppercase;\">Successful Workbook<\/span><\/h2>\n<p style=\"text-align: center;\">Your Implementation Guide for the Activities &amp; Exercises of the book.<\/p>\n<p><span><img data-recalc-dims=\"1\" decoding=\"async\" alt=\"\" data-id=\"6616\" width=\"231\" height=\"299\" title=\"workbook cover TYT\" src=\"https:\/\/i0.wp.com\/thinkyourself.com\/wp-content\/uploads\/2020\/04\/workbook-cover-TYT.png?resize=231%2C299&#038;quality=80&#038;ssl=1\" style=\"\" data-init-width=\"547\" data-init-height=\"707\" loading=\"lazy\" data-width=\"231\" data-height=\"299\"><\/span><\/p>\n<h2 style=\"text-align: center;\">THINK Yourself\u00ae THIN WORKBOOK<\/h2>\n<p style=\"text-align: center;\">Your Implementation Guide for the Activities &amp; Exercises of the book.<\/p>\n<p><span><img data-recalc-dims=\"1\" decoding=\"async\" alt=\"\" data-id=\"6619\" width=\"204\" height=\"301\" title=\"TYRP Workbook New Cover 2020\" src=\"https:\/\/i0.wp.com\/thinkyourself.com\/wp-content\/uploads\/2020\/04\/TYRP-Workbook-New-Cover-2020-e1587859130349.png?resize=204%2C301&#038;quality=80&#038;ssl=1\" style=\"\" ml-d=\"0\" ml-t=\"0\" data-init-width=\"600\" data-init-height=\"884\" loading=\"lazy\" data-width=\"204\" data-height=\"301\"><\/span><\/p>\n<h2 style=\"text-align: center;\">THINK Yourself\u00ae A RELATIONSHIPS PRO \u2013 WORKBOOK<\/h2>\n<p style=\"text-align: center;\">Your Implementation Guide for the Activities &amp; Exercises of the book.<\/p>\n<p><span><img data-recalc-dims=\"1\" decoding=\"async\" alt=\"\" data-id=\"6632\" width=\"204\" height=\"306\" title=\"TYC Workbook Cover NEW IMAGE\" src=\"https:\/\/i0.wp.com\/thinkyourself.com\/wp-content\/uploads\/2020\/04\/TYC-Workbook-Cover-NEW-IMAGE.png?resize=204%2C306&#038;quality=80&#038;ssl=1\" style=\"\" ml-d=\"0\" ml-t=\"0\" data-init-width=\"494\" data-init-height=\"742\" loading=\"lazy\" data-width=\"204\" data-height=\"306\"><\/span><\/p>\n<h2 style=\"text-align: center;\">THINK Yourself\u00ae CLEAN \u2013 Workbook<\/h2>\n<p style=\"text-align: center;\">Your Implementation Guide for the Activities &amp; Exercises of the book.<\/p>\n<p><span><img data-recalc-dims=\"1\" decoding=\"async\" alt=\"\" data-id=\"6627\" width=\"204\" height=\"337\" title=\"TYG Gratitude Form Cover\" src=\"https:\/\/i0.wp.com\/thinkyourself.com\/wp-content\/uploads\/2020\/04\/TYG-Gratitude-Form-Cover.png?resize=204%2C337&#038;quality=80&#038;ssl=1\" style=\"\" data-init-width=\"493\" data-init-height=\"737\" loading=\"lazy\" data-width=\"204\" data-height=\"337\"><\/span><\/p>\n<h2 style=\"text-align: center;\">THINK Yourself\u00ae GRATEFUL \u2013 DAILY GRATITUDE FORM<\/h2>\n<p style=\"text-align: center;\">Your Daily \u00ab\u00a0Have-Done List\u00a0\u00bb&nbsp;<\/p>\n<p style=\"text-align: center;\">to Transform Your Life<\/p>\n<p><span><img data-recalc-dims=\"1\" decoding=\"async\" alt=\"\" data-id=\"6630\" width=\"222\" height=\"315\" title=\"TYH Quiz Cover\" src=\"https:\/\/i0.wp.com\/thinkyourself.com\/wp-content\/uploads\/2020\/04\/TYH-Quiz-Cover.png?resize=222%2C315&#038;quality=80&#038;ssl=1\" style=\"\" ml-d=\"0\" ml-m=\"0\" data-init-width=\"494\" data-init-height=\"702\" loading=\"lazy\" data-width=\"222\" data-height=\"315\"><\/span><\/p>\n<h2 style=\"text-align: center;\">THINK Yourself\u00ae HEALTHY \u2013 QUIZ<\/h2>\n<p style=\"text-align: center;\">Fill in the quiz and compare your answers with mine as you make your way through the tips of the book.<\/p>\n<p><span><img data-recalc-dims=\"1\" loading=\"lazy\" decoding=\"async\" alt=\"\" data-id=\"2873\" width=\"1207\" height=\"1204\" title=\"3 mistakes PT\" src=\"https:\/\/i0.wp.com\/thinkyourself.com\/wp-content\/uploads\/2018\/02\/3-mistakes-PT.png?resize=1207%2C1204&#038;quality=80&#038;ssl=1\" style=\"\"><\/span><\/p>\n<h2 style=\"text-align: center;\">3 MISTAKES PERSONAL TRAINERS MAKE WITH THEIR CLIENTS<\/h2>\n<p style=\"text-align: center;\">Download the PDF to find out the 3 common mistakes Personal Trainers Make with their clients!<\/p>\n<p><span><img data-recalc-dims=\"1\" loading=\"lazy\" decoding=\"async\" alt=\"\" data-id=\"2875\" width=\"1206\" height=\"1204\" title=\"5 keys self-confidence\" src=\"https:\/\/i0.wp.com\/thinkyourself.com\/wp-content\/uploads\/2018\/02\/5-keys-self-confidence.png?resize=1206%2C1204&#038;quality=80&#038;ssl=1\" style=\"\"><\/span><\/p>\n<h2 style=\"text-align: center;\">5 KEYS TO SELF-CONFIDENCE<\/h2>\n<p style=\"text-align: center;\">Download the PDF to find out the 5 keys to boosting your self-confidence.<\/p>\n<p><span><img data-recalc-dims=\"1\" loading=\"lazy\" decoding=\"async\" alt=\"\" data-id=\"3026\" width=\"300\" height=\"300\" title=\"why self-sabotage\" src=\"https:\/\/i0.wp.com\/thinkyourself.com\/wp-content\/uploads\/2018\/03\/why-self-sabotage.png?resize=300%2C300&#038;quality=80&#038;ssl=1\" style=\"\" ml-d=\"0\" ml-t=\"0\" data-width=\"300\" data-height=\"300\" data-init-width=\"1205\" data-init-height=\"1205\"><\/span><\/p>\n<h2 style=\"text-align: center;\">WHY DO WE SELF-SABOTAGE?<\/h2>\n<p style=\"text-align: center;\">Download the PDF to find out&nbsp;<\/p>\n<p style=\"text-align: center;\">Why we Self-Sabotage.<\/p>\n<p><span><img data-recalc-dims=\"1\" loading=\"lazy\" decoding=\"async\" alt=\"\" data-id=\"2351\" width=\"261\" height=\"288\" title=\"Balance-Wheel\" src=\"https:\/\/i0.wp.com\/thinkyourself.com\/wp-content\/uploads\/2017\/08\/Balance-Wheel.jpg?resize=261%2C288&#038;quality=89&#038;ssl=1\" style=\"\" data-width=\"261\" data-height=\"288\" data-init-width=\"400\" data-init-height=\"442\"><\/span><\/p>\n<h2 style=\"text-align: center;\">D.N.A. SYSTEM<\/h2>\n<h2 style=\"text-align: center;\">&nbsp;BALANCE WHEELS<\/h2>\n<p style=\"text-align: center;\">Download the Balance Wheels<\/p>\n<p style=\"text-align: center;\">to Evaluate Your Life<\/p>\n","protected":false},"excerpt":{"rendered":"<p>Free Gifts THINK Yourself\u00ae A VIRTUAL FITNESS PRO&nbsp; CHECKLISTS Your Checklists from the Online Course THINK Yourself\u00ae A VIRTUAL FITNESS PRO. LISTES DE CONTR\u00d4LE du cours R\u00c9USSIR EN LIGNE Par La Pens\u00e9e Vos listes de contr\u00f4le pour r\u00e9ussir en ligne THINK Yourself\u00ae CONFIDENT Workbook Your Implementation Guide for the Online Course THINK Yourself\u00ae CONFIDENT. THINK [&hellip;]<\/p>\n","protected":false},"author":617,"featured_media":0,"parent":0,"menu_order":0,"comment_status":"closed","ping_status":"closed","template":"fullwidth-page.php","meta":{"footnotes":""},"class_list":["post-6050","page","type-page","status-publish","hentry","post-wrapper","thrv_wrapper"],"jetpack_sharing_enabled":true,"_links":{"self":[{"href":"https:\/\/thinkyourself.com\/fr\/wp-json\/wp\/v2\/pages\/6050","targetHints":{"allow":["GET"]}}],"collection":[{"href":"https:\/\/thinkyourself.com\/fr\/wp-json\/wp\/v2\/pages"}],"about":[{"href":"https:\/\/thinkyourself.com\/fr\/wp-json\/wp\/v2\/types\/page"}],"author":[{"embeddable":true,"href":"https:\/\/thinkyourself.com\/fr\/wp-json\/wp\/v2\/users\/617"}],"replies":[{"embeddable":true,"href":"https:\/\/thinkyourself.com\/fr\/wp-json\/wp\/v2\/comments?post=6050"}],"version-history":[{"count":10,"href":"https:\/\/thinkyourself.com\/fr\/wp-json\/wp\/v2\/pages\/6050\/revisions"}],"predecessor-version":[{"id":7873,"href":"https:\/\/thinkyourself.com\/fr\/wp-json\/wp\/v2\/pages\/6050\/revisions\/7873"}],"wp:attachment":[{"href":"https:\/\/thinkyourself.com\/fr\/wp-json\/wp\/v2\/media?parent=6050"}],"curies":[{"name":"wp","href":"https:\/\/api.w.org\/{rel}","templated":true}]}}