{"id":24311,"date":"2024-07-24T09:44:54","date_gmt":"2024-07-24T16:44:54","guid":{"rendered":"https:\/\/thinkyourself.com\/?page_id=24311"},"modified":"2024-07-24T09:49:55","modified_gmt":"2024-07-24T16:49:55","slug":"horaire","status":"publish","type":"page","link":"https:\/\/thinkyourself.com\/fr\/horaire\/","title":{"rendered":"Horaire"},"content":{"rendered":"<p><span style=\"\"><img data-recalc-dims=\"1\" decoding=\"async\" alt=\"\" data-id=\"24176\" width=\"159\" data-init-width=\"400\" height=\"164\" data-init-height=\"413\" title=\"Nathalie headshot circle\" loading=\"lazy\" src=\"https:\/\/i0.wp.com\/thinkyourself.com\/wp-content\/uploads\/2024\/06\/Nathalie-headshot-circle-e1718633732959.png?resize=159%2C164&#038;quality=80&#038;ssl=1\" data-width=\"159\" data-height=\"164\" style=\"aspect-ratio: auto 400 \/ 413;\" ml-d=\"0\" mt-d=\"0\"><\/span><\/p>\n<p style=\"text-align: center;\"><span style=\"--tcb-applied-color: var$(--tcb-color-3) !important; color: var(--tcb-color-3) !important; font-size: 60px !important;\">R\u00c9SERVEZ<\/span><span style=\"font-size: 34px !important;\"><\/span><\/p>\n<p style=\"text-align: center;\"><span style=\"font-size: 34px !important;\">?<\/span><span>UN APPEL VIRTUEL AVEC NATHALIE<\/span><\/p>\n<p style=\"text-align: center;\"><span style=\"--tcb-applied-color: var$(--tcb-color-3) !important; color: var(--tcb-color-3) !important; font-size: 34px !important;\">CAF\u00c9 VIRTUEL GRATUIT<\/span><span style=\"font-size: 34px !important;\"><\/span><span>15 minutes<\/span><\/p>\n<p style=\"text-align: center;\"><span style=\"--tcb-applied-color: var$(--tcb-color-3) !important; color: var(--tcb-color-3) !important; font-size: 34px !important;\">SESSION DE COACHING<\/span><span style=\"font-size: 34px !important;\"><\/span><span>Une heure<\/span><\/p>\n<p><span><img data-recalc-dims=\"1\" decoding=\"async\" alt=\"\" data-id=\"19407\" width=\"500\" data-init-width=\"10401\" height=\"59\" data-init-height=\"3526\" title=\"vous etes genial\" loading=\"lazy\" src=\"https:\/\/i0.wp.com\/thinkyourself.com\/wp-content\/uploads\/2023\/01\/vous-etes-genial-e1672797250845.png?resize=500%2C59&#038;quality=80&#038;ssl=1\" data-width=\"500\" style=\"aspect-ratio: auto 10401 \/ 3526;\" data-height=\"59\"><\/span><\/p>\n<p style=\"\"><strong><span style=\"\"><span style=\"\">Nathalie Plamondon-Thomas, cSP<\/span><\/span><\/strong><\/p>\n<p style=\"color: rgb(255, 255, 255) !important; --tcb-applied-color: rgb(255, 255, 255) !important;\">Conf\u00e9renci\u00e8re professionnelle certifi\u00e9e CSP\u00ae, conf\u00e9renci\u00e8re canadienne de l&rsquo;ann\u00e9e 2021, coach de confiance la plus inspirante en Am\u00e9rique du Nord, Nathalie Plamondon-Thomas est une experte de la confiance en soi. Elle est l&rsquo;autrice de douze livres bestsellers internationaux, dont un livre co\u00e9crit avec Kevin Harrington de l\u2019\u00e9mission de t\u00e9l\u00e9 Shark Tank, endoss\u00e9e par Tony Robbins. Elle est la fondatrice et la directrice g\u00e9n\u00e9rale de l\u2019Acad\u00e9mie THINK Yourself\u00ae, qui propose des conf\u00e9rences et des formations, des cours en ligne de pointe et du coaching individuel de transformation strat\u00e9gique.<\/p>\n<p style=\"\">Au cours des deux derni\u00e8res d\u00e9cennies, elle a inspir\u00e9 plus de 100 000 personnes et donn\u00e9 \u00e0 des milliers de clients dans le monde entier les moyens de se d\u00e9barrasser de leur discours n\u00e9gatif. Elle combine plus de 10 ans d&rsquo;exp\u00e9rience dans les ressources humaines, 25 ans d&rsquo;exp\u00e9rience dans la vente et plus de 35 ans de services distingu\u00e9s dans le secteur du fitness ou elle s\u2019est m\u00e9rit\u00e9 le prix d\u2019instructrice canadienne de l\u2019ann\u00e9e 2007. Elle est Vice-Pr\u00e9sidente du conseil d&rsquo;administration de l&rsquo;Association canadienne des conf\u00e9renciers professionnels et a r\u00e9cemment re\u00e7u le prix du pr\u00e9sident en 2022 et en 2023.<\/p>\n<h2 style=\"text-align: center;\"><strong>Online Learning<\/strong><\/h2>\n<h2 style=\"text-align: center;\"><strong><span><span><span>Leading Edge Courses &amp; Certification<\/span><\/span><\/span><\/strong><\/h2>\n<p><span><img data-recalc-dims=\"1\" decoding=\"async\" alt=\"THINK Yourself A BUSINESS PRO\" data-id=\"6537\" width=\"60\" data-init-width=\"70\" height=\"60\" data-init-height=\"70\" title=\"THINK Yourself A BUSINESS PRO\" loading=\"lazy\" src=\"https:\/\/i0.wp.com\/thinkyourself.com\/wp-content\/uploads\/2020\/04\/Business-Pro-Icon.png?resize=60%2C60&#038;quality=80&#038;ssl=1\" data-width=\"60\" data-height=\"60\" style=\"aspect-ratio: auto 70 \/ 70;\"><\/span><span><img data-recalc-dims=\"1\" decoding=\"async\" alt=\"THINK Yourself A BUSINESS PRO\" data-id=\"6580\" width=\"142\" data-init-width=\"1304\" height=\"40\" data-init-height=\"368\" title=\"THINK Yourself A BUSINESS PRO\" loading=\"lazy\" src=\"https:\/\/i0.wp.com\/thinkyourself.com\/wp-content\/uploads\/2020\/04\/Think-Yourself-Logo.png?resize=142%2C40&#038;quality=80&#038;ssl=1\" style=\"aspect-ratio: auto 1304 \/ 368;\" ml-d=\"0\" data-width=\"142\" data-height=\"40\"><\/span><\/p>\n<h6 style=\"text-align: center;\">A BUSINESS PRO<\/h6>\n<ul>\n<li style=\"\">                    <span>Transform social media fans into paying clients.<\/span><\/li>\n<li style=\"\">                    <span>10 Steps to Build a Successful Business.<\/span><\/li>\n<\/ul>\n<p><span><img data-recalc-dims=\"1\" decoding=\"async\" alt=\"THINK Yourself A TECH PRO - The Basics\" data-id=\"6549\" width=\"60\" data-init-width=\"70\" height=\"60\" data-init-height=\"70\" title=\"THINK Yourself A TECH PRO - The Basics\" loading=\"lazy\" src=\"https:\/\/i0.wp.com\/thinkyourself.com\/wp-content\/uploads\/2020\/04\/Tech-PRO-icon.png?resize=60%2C60&#038;quality=80&#038;ssl=1\" data-width=\"60\" data-height=\"60\" style=\"aspect-ratio: auto 70 \/ 70;\"><\/span><span><img data-recalc-dims=\"1\" decoding=\"async\" alt=\"THINK Yourself A TECH PRO - The Basics\" data-id=\"6580\" width=\"142\" data-init-width=\"1304\" height=\"40\" data-init-height=\"368\" title=\"THINK Yourself A TECH PRO - The Basics\" loading=\"lazy\" src=\"https:\/\/i0.wp.com\/thinkyourself.com\/wp-content\/uploads\/2020\/04\/Think-Yourself-Logo.png?resize=142%2C40&#038;quality=80&#038;ssl=1\" style=\"aspect-ratio: auto 1304 \/ 368;\" ml-d=\"0\" data-width=\"142\" data-height=\"40\"><\/span><\/p>\n<h6 style=\"text-align: center;\">A TECH PRO &#8211; The Basics<\/h6>\n<ul>\n<li style=\"\">                    <span>Propel your business with technology!<\/span><\/li>\n<li style=\"\">                    <span>5 Tips on How to Set Yourself Up Online:<\/span><\/li>\n<li style=\"\">                    <span>Equipment, camera, microphone, lights, video, etc.<\/span><\/li>\n<\/ul>\n<p><span><img data-recalc-dims=\"1\" decoding=\"async\" alt=\"THINK Yourself A TECH PRO - Part One\" data-id=\"6549\" width=\"60\" data-init-width=\"70\" height=\"60\" data-init-height=\"70\" title=\"THINK Yourself A TECH PRO - Part One\" loading=\"lazy\" src=\"https:\/\/i0.wp.com\/thinkyourself.com\/wp-content\/uploads\/2020\/04\/Tech-PRO-icon.png?resize=60%2C60&#038;quality=80&#038;ssl=1\" data-width=\"60\" data-height=\"60\" style=\"aspect-ratio: auto 70 \/ 70;\"><\/span><span><img data-recalc-dims=\"1\" decoding=\"async\" alt=\"THINK Yourself A TECH PRO - Part One\" data-id=\"6580\" width=\"142\" data-init-width=\"1304\" height=\"40\" data-init-height=\"368\" title=\"THINK Yourself A TECH PRO - Part One\" loading=\"lazy\" src=\"https:\/\/i0.wp.com\/thinkyourself.com\/wp-content\/uploads\/2020\/04\/Think-Yourself-Logo.png?resize=142%2C40&#038;quality=80&#038;ssl=1\" style=\"aspect-ratio: auto 1304 \/ 368;\" ml-d=\"0\" data-width=\"142\" data-height=\"40\"><\/span><\/p>\n<h6 style=\"text-align: center;\">A TECH PRO &#8211; Part One<\/h6>\n<ul>\n<li style=\"\">                    <span>Learn 10 quick tips to put technology to your advantage, save time, be more efficient, organized, work faster and smarter!<\/span><\/li>\n<\/ul>\n<p><span><img data-recalc-dims=\"1\" decoding=\"async\" alt=\"THINK Yourself A COACH\" data-id=\"6530\" width=\"60\" data-init-width=\"70\" height=\"60\" data-init-height=\"70\" title=\"THINK Yourself A COACH\" loading=\"lazy\" src=\"https:\/\/i0.wp.com\/thinkyourself.com\/wp-content\/uploads\/2020\/04\/A-coach-icon.png?resize=60%2C60&#038;quality=80&#038;ssl=1\" data-width=\"60\" data-height=\"60\" style=\"aspect-ratio: auto 70 \/ 70;\"><\/span><span><img data-recalc-dims=\"1\" decoding=\"async\" alt=\"THINK Yourself A COACH\" data-id=\"6580\" width=\"142\" data-init-width=\"1304\" height=\"40\" data-init-height=\"368\" title=\"THINK Yourself A COACH\" loading=\"lazy\" src=\"https:\/\/i0.wp.com\/thinkyourself.com\/wp-content\/uploads\/2020\/04\/Think-Yourself-Logo.png?resize=142%2C40&#038;quality=80&#038;ssl=1\" style=\"aspect-ratio: auto 1304 \/ 368;\" ml-d=\"0\" data-width=\"142\" data-height=\"40\"><\/span><\/p>\n<h6 style=\"text-align: center;\">A COACH<\/h6>\n<ul>\n<li style=\"\">                    <span>25-module course to get you certified to become a Life Coach using the THINK Yourself\u00ae D.N.A. System.<\/span><\/li>\n<\/ul>\n<p><span><img data-recalc-dims=\"1\" decoding=\"async\" alt=\"THINK Yourself SUCCESSFUL\" data-id=\"6537\" width=\"60\" data-init-width=\"70\" height=\"60\" data-init-height=\"70\" title=\"THINK Yourself SUCCESSFUL\" loading=\"lazy\" src=\"https:\/\/i0.wp.com\/thinkyourself.com\/wp-content\/uploads\/2020\/04\/Business-Pro-Icon.png?resize=60%2C60&#038;quality=80&#038;ssl=1\" data-width=\"60\" data-height=\"60\" style=\"aspect-ratio: auto 70 \/ 70;\"><\/span><span><img data-recalc-dims=\"1\" decoding=\"async\" alt=\"THINK Yourself SUCCESSFUL\" data-id=\"6580\" width=\"142\" data-init-width=\"1304\" height=\"40\" data-init-height=\"368\" title=\"THINK Yourself SUCCESSFUL\" loading=\"lazy\" src=\"https:\/\/i0.wp.com\/thinkyourself.com\/wp-content\/uploads\/2020\/04\/Think-Yourself-Logo.png?resize=142%2C40&#038;quality=80&#038;ssl=1\" style=\"aspect-ratio: auto 1304 \/ 368;\" ml-d=\"0\" data-width=\"142\" data-height=\"40\"><\/span><\/p>\n<h6 style=\"text-align: center;\">SUCCESSFUL<\/h6>\n<ul>\n<li style=\"\">                    <span>22 video coaching sessions to guide you through the exercises and activities of THINK Yourself\u00ae SUCCESSFUL International No.1 Bestseller.<\/span><\/li>\n<\/ul>\n<p><span><img data-recalc-dims=\"1\" decoding=\"async\" alt=\"THINK Yourself A RELATIONSHIPS PRO\" data-id=\"6548\" width=\"60\" data-init-width=\"70\" height=\"60\" data-init-height=\"70\" title=\"THINK Yourself A RELATIONSHIPS PRO\" loading=\"lazy\" src=\"https:\/\/i0.wp.com\/thinkyourself.com\/wp-content\/uploads\/2020\/04\/Relationships-PRO-icon.png?resize=60%2C60&#038;quality=80&#038;ssl=1\" data-width=\"60\" data-height=\"60\" style=\"aspect-ratio: auto 70 \/ 70;\"><\/span><span><img data-recalc-dims=\"1\" decoding=\"async\" alt=\"THINK Yourself A RELATIONSHIPS PRO\" data-id=\"6580\" width=\"142\" data-init-width=\"1304\" height=\"40\" data-init-height=\"368\" title=\"THINK Yourself A RELATIONSHIPS PRO\" loading=\"lazy\" src=\"https:\/\/i0.wp.com\/thinkyourself.com\/wp-content\/uploads\/2020\/04\/Think-Yourself-Logo.png?resize=142%2C40&#038;quality=80&#038;ssl=1\" style=\"aspect-ratio: auto 1304 \/ 368;\" ml-d=\"0\" data-width=\"142\" data-height=\"40\"><\/span><\/p>\n<h6 style=\"text-align: center;\">A RELATIONSHIPS PRO<\/h6>\n<ul>\n<li style=\"\">                    <span>Learn how to collaborate&nbsp;&#8211; influence&nbsp;&#8211; lead&nbsp;&#8211; sell&nbsp;&#8211; get along.<\/span><\/li>\n<li style=\"\">                    <span>A 25-Video series with Maureen Hagan and Nathalie Plamondon-Thomas<\/span><\/li>\n<\/ul>\n<p><span><img data-recalc-dims=\"1\" decoding=\"async\" alt=\"THINK Yourself HEALTHY\" data-id=\"6540\" width=\"60\" data-init-width=\"70\" height=\"60\" data-init-height=\"70\" title=\"THINK Yourself HEALTHY\" loading=\"lazy\" src=\"https:\/\/i0.wp.com\/thinkyourself.com\/wp-content\/uploads\/2020\/04\/Healthy-Icon.png?resize=60%2C60&#038;quality=80&#038;ssl=1\" data-width=\"60\" data-height=\"60\" style=\"aspect-ratio: auto 70 \/ 70;\"><\/span><span><img data-recalc-dims=\"1\" decoding=\"async\" alt=\"THINK Yourself HEALTHY\" data-id=\"6580\" width=\"142\" data-init-width=\"1304\" height=\"40\" data-init-height=\"368\" title=\"THINK Yourself HEALTHY\" loading=\"lazy\" src=\"https:\/\/i0.wp.com\/thinkyourself.com\/wp-content\/uploads\/2020\/04\/Think-Yourself-Logo.png?resize=142%2C40&#038;quality=80&#038;ssl=1\" style=\"aspect-ratio: auto 1304 \/ 368;\" ml-d=\"0\" data-width=\"142\" data-height=\"40\"><\/span><\/p>\n<h6 style=\"text-align: center;\">HEALTHY<\/h6>\n<ul>\n<li style=\"\">                    <span>27 Simple, Practical Applications to Live a Vibrant Life<\/span><\/li>\n<\/ul>\n<p><span><img data-recalc-dims=\"1\" decoding=\"async\" alt=\"THINK Yourself EN SANT\u00c9 Par La Pens\u00e9e\" data-id=\"6550\" width=\"60\" data-init-width=\"70\" height=\"60\" data-init-height=\"70\" title=\"THINK Yourself EN SANT\u00c9 Par La Pens\u00e9e\" loading=\"lazy\" src=\"https:\/\/i0.wp.com\/thinkyourself.com\/wp-content\/uploads\/2020\/04\/Tech-PRO-icon-2.png?resize=60%2C60&#038;quality=80&#038;ssl=1\" data-width=\"60\" data-height=\"60\" style=\"aspect-ratio: auto 70 \/ 70;\"><\/span><span><img data-recalc-dims=\"1\" decoding=\"async\" alt=\"THINK Yourself EN SANT\u00c9 Par La Pens\u00e9e\" data-id=\"6580\" width=\"142\" data-init-width=\"1304\" height=\"40\" data-init-height=\"368\" title=\"THINK Yourself EN SANT\u00c9 Par La Pens\u00e9e\" loading=\"lazy\" src=\"https:\/\/i0.wp.com\/thinkyourself.com\/wp-content\/uploads\/2020\/04\/Think-Yourself-Logo.png?resize=142%2C40&#038;quality=80&#038;ssl=1\" style=\"aspect-ratio: auto 1304 \/ 368;\" ml-d=\"0\" data-width=\"142\" data-height=\"40\"><\/span><\/p>\n<h6 style=\"text-align: center;\">EN SANT\u00c9 Par La Pens\u00e9e<\/h6>\n<ul>\n<li style=\"\">                    <span>27 Trucs Pratiques et Simples pour Mener une Vie Dynamique<\/span><\/li>\n<\/ul>\n<p><span><img data-recalc-dims=\"1\" decoding=\"async\" alt=\"THINK Yourself HEALTHY\" data-id=\"6554\" width=\"60\" data-init-width=\"70\" height=\"60\" data-init-height=\"70\" title=\"THINK Yourself HEALTHY\" loading=\"lazy\" src=\"https:\/\/i0.wp.com\/thinkyourself.com\/wp-content\/uploads\/2020\/04\/Thin-icon.png?resize=60%2C60&#038;quality=80&#038;ssl=1\" data-width=\"60\" data-height=\"60\" style=\"aspect-ratio: auto 70 \/ 70;\" ml-d=\"-100\" ml-t=\"0\"><\/span><span><img data-recalc-dims=\"1\" decoding=\"async\" alt=\"THINK Yourself HEALTHY\" data-id=\"6580\" width=\"142\" data-init-width=\"1304\" height=\"40\" data-init-height=\"368\" title=\"THINK Yourself HEALTHY\" loading=\"lazy\" src=\"https:\/\/i0.wp.com\/thinkyourself.com\/wp-content\/uploads\/2020\/04\/Think-Yourself-Logo.png?resize=142%2C40&#038;quality=80&#038;ssl=1\" style=\"aspect-ratio: auto 1304 \/ 368;\" ml-d=\"0\" data-width=\"142\" data-height=\"40\"><\/span><\/p>\n<h6 style=\"text-align: center;\">THIN<\/h6>\n<ul>\n<li style=\"\">                    <span>9 online video coaching sessions to guide you through the exercises and activities of THINK Yourself\u00ae THIN International No.1 Bestseller.<\/span><\/li>\n<\/ul>\n","protected":false},"excerpt":{"rendered":"<p>R\u00c9SERVEZ ?UN APPEL VIRTUEL AVEC NATHALIE CAF\u00c9 VIRTUEL GRATUIT15 minutes SESSION DE COACHINGUne heure Nathalie Plamondon-Thomas, cSP Conf\u00e9renci\u00e8re professionnelle certifi\u00e9e CSP\u00ae, conf\u00e9renci\u00e8re canadienne de l&rsquo;ann\u00e9e 2021, coach de confiance la plus inspirante en Am\u00e9rique du Nord, Nathalie Plamondon-Thomas est une experte de la confiance en soi. Elle est l&rsquo;autrice de douze livres bestsellers internationaux, dont [&hellip;]<\/p>\n","protected":false},"author":3,"featured_media":0,"parent":0,"menu_order":0,"comment_status":"closed","ping_status":"closed","template":"","meta":{"footnotes":""},"class_list":["post-24311","page","type-page","status-publish","hentry","post-wrapper","thrv_wrapper"],"jetpack_sharing_enabled":true,"_links":{"self":[{"href":"https:\/\/thinkyourself.com\/fr\/wp-json\/wp\/v2\/pages\/24311","targetHints":{"allow":["GET"]}}],"collection":[{"href":"https:\/\/thinkyourself.com\/fr\/wp-json\/wp\/v2\/pages"}],"about":[{"href":"https:\/\/thinkyourself.com\/fr\/wp-json\/wp\/v2\/types\/page"}],"author":[{"embeddable":true,"href":"https:\/\/thinkyourself.com\/fr\/wp-json\/wp\/v2\/users\/3"}],"replies":[{"embeddable":true,"href":"https:\/\/thinkyourself.com\/fr\/wp-json\/wp\/v2\/comments?post=24311"}],"version-history":[{"count":3,"href":"https:\/\/thinkyourself.com\/fr\/wp-json\/wp\/v2\/pages\/24311\/revisions"}],"predecessor-version":[{"id":24314,"href":"https:\/\/thinkyourself.com\/fr\/wp-json\/wp\/v2\/pages\/24311\/revisions\/24314"}],"wp:attachment":[{"href":"https:\/\/thinkyourself.com\/fr\/wp-json\/wp\/v2\/media?parent=24311"}],"curies":[{"name":"wp","href":"https:\/\/api.w.org\/{rel}","templated":true}]}}