{"id":17694,"date":"2021-10-02T10:52:26","date_gmt":"2021-10-02T17:52:26","guid":{"rendered":"https:\/\/harmless-temper.flywheelstaging.com\/coaching\/"},"modified":"2022-11-18T18:45:59","modified_gmt":"2022-11-19T02:45:59","slug":"coaching","status":"publish","type":"page","link":"https:\/\/thinkyourself.com\/fr\/coaching\/","title":{"rendered":"Coaching One-on-One 2021"},"content":{"rendered":"<p><strong><span>NATHALIE&nbsp;<\/span><\/strong><\/p>\n<p>PLAMONDON-THOMAS<\/p>\n<p style=\"\">CONFIDENCE EXPERT<\/p>\n<p style=\"text-align: center;\"><em>Watch the&nbsp;<\/em><em style=\"font-size: 16px;\">Video to find out how <\/em><\/p>\n<p style=\"text-align: center;\"><em style=\"font-size: 16px;\">Nathalie&rsquo;s neurosciences journey started<\/em><\/p>\n<p>COACHING<\/p>\n<p>INDIVIDUEL<\/p>\n<p style=\"\">Trouvez la confiance afin de vivre \u00e0 votre plein potentiel!&nbsp;<\/p>\n<p style=\"text-align: center;\"><em style=\"font-size: 16px;\">Visionnez le vid\u00e9o<\/em><\/p>\n<p style=\"text-align: center; color: var(--tcb-tpl-color-14)  !important; --tcb-applied-color: var$(--tcb-tpl-color-14)  !important;\">D\u00e9barrassez-vous de votre discours int\u00e9rieur n\u00e9gatif &#8211; Mauvaises habitudes &nbsp;&#8211; Traumatismes &#8211; SSPT &amp; encore plus<\/p>\n<p style=\"text-align: center;\">Allez-vous chez le dentiste?<\/p>\n<ul>\n<li style=\"\">                    <span style=\"\">M\u00eame les gens ayant une hygi\u00e8ne dentaire irr\u00e9prochable doivent quand m\u00eame aller chez le dentiste plusieurs fois par an. Nous ne pouvons pas r\u00e9parer une carie nous-m\u00eames en nous brossant les dents et en utilisant du fil dentaire. Le dentiste dispose d&rsquo;outils sp\u00e9ciaux pour gratter toutes les substances ind\u00e9sirables sur nos dents et ainsi, r\u00e9parer les caries. Nous ne sommes pas de mauvaises personnes parce que nous devons aller chez le dentiste. Il y a des choses que nous ne pouvons tout simplement pas enlever ou r\u00e9parer nous-m\u00eames. Il en va de m\u00eame pour notre cerveau.<\/span><\/li>\n<li>                    <span>Consid\u00e9rez-moi comme un dentiste pour votre cerveau. Je vous aide \u00e0 nettoyer les \u00e9l\u00e9ments ind\u00e9sirables qui ne vous sont pas favorables, tels que les discours n\u00e9gatifs, les \u00e9motions n\u00e9gatives, l&rsquo;auto-sabotage, les croyances limitantes, les mauvaises habitudes, les traumatismes, les troubles de stress post-traumatique, etc.<\/span><\/li>\n<li>                    <span>Tout le monde a besoin d&rsquo;un bon nettoyage de temps \u00e0 autre, peu importe la qualit\u00e9 de son hygi\u00e8ne dentaire!<\/span><\/li>\n<\/ul>\n<p style=\"color: rgb(39, 181, 242) !important; --tcb-applied-color:  rgb(39, 181, 242)  !important; text-align: center;\"><span style=\"--tcb-applied-color:  rgb(39, 181, 242)  !important;\"><em><span style=\"font-family: Georgia, serif; --tcb-applied-color:  rgb(39, 181, 242)  !important;\">\u00ab Vous pouvez mener un cheval \u00e0 la fontaine, mais vous ne pouvez pas le forcer \u00e0 boire. \u00bb <\/span><\/em><span style=\"font-family: Georgia, serif; --tcb-applied-color:  rgb(39, 181, 242)  !important;\">Pourtant<\/span><\/span><span style=\"font-family: Georgia, serif; --tcb-applied-color:  rgb(39, 181, 242)  !important;\">, Nathalie le peut.<\/span><\/p>\n<h2 style=\"color: rgb(39, 181, 242) !important; --tcb-applied-color:rgb(39, 181, 242)  !important;\"><strong><span>Le syst\u00e8me D.N.A.&nbsp;<\/span><\/strong><\/h2>\n<p style=\"\">La structure du syst\u00e8me est simple. Faites comme si vous vouliez effectuer des r\u00e9novations dans votre cuisine.<\/p>\n<p style=\"\"><strong>\u00ab D \u00bb POUR D\u00c9SIR<\/strong><\/p>\n<p style=\"\">La premi\u00e8re \u00e9tape consiste \u00e0 conceptualiser votre nouvelle cuisine. Vous devez savoir ce que vous voulez. Vous cr\u00e9ez donc un dossier et rassemblez des \u00e9chantillons, des images, des inspirations, etc. Dans la vie ou dans un projet d&rsquo;entreprise, cela se traduit par l&rsquo;\u00e9tablissement de buts, d&rsquo;objectifs, d&rsquo;\u00e9ch\u00e9anciers, de liste, etc.<\/p>\n<p style=\"\">Toutefois, ce n&rsquo;est qu&rsquo;un dossier. Ce n&rsquo;est pas une nouvelle cuisine. Vous ne pouvez pas cuisiner dans un dossier ni y recevoir des invit\u00e9s. Ce n&rsquo;est que la premi\u00e8re \u00e9tape. Il est imp\u00e9ratif de savoir ce que vous voulez, mais \u00e7a ne s&rsquo;arr\u00eate pas l\u00e0. Si les tableaux de visualisation fonctionnaient, nous vivrions tous sur des \u00eeles d\u00e9sertes, sirotant des martinis et conduisant des Mercedes Benz.<\/p>\n<p style=\"\">Il faut deux \u00e9tapes suppl\u00e9mentaires afin d&rsquo;actualiser nos d\u00e9sirs.<\/p>\n<p style=\"\"><strong>\u00ab N \u00bb POUR NOUVEAU&nbsp;<\/strong><\/p>\n<p style=\"\">Le probl\u00e8me principal de beaucoup de gens est qu&rsquo;apr\u00e8s la cr\u00e9ation de leur \u00ab liste \u00bb, ils tentent imm\u00e9diatement d&rsquo;instiller ces nouvelles habitudes dans leur vie. C&rsquo;est comme s&rsquo;ils essayaient d&rsquo;installer les nouvelles armoires par-dessus les armoires existantes, ou qu&rsquo;ils tentaient d&rsquo;installer un nouvel \u00eelot par-dessus l&rsquo;\u00eelot existant. \u00c7a ne fonctionnera pas.<\/p>\n<p style=\"\">Vous devez d&rsquo;abord d\u00e9molir l&rsquo;ancienne cuisine.<\/p>\n<p style=\"\">La deuxi\u00e8me \u00e9tape est la d\u00e9molition et le nettoyage ; nous devons arracher les armoires existantes, car il est impossible d&rsquo;en installer de nouvelles par-dessus les anciennes. Nous \u00e9liminons les croyances limitatives, le discours int\u00e9rieur n\u00e9gatif, les \u00e9motions fortes comme la col\u00e8re, la peur, la douleur, la tristesse, la culpabilit\u00e9, nous nous lib\u00e9rons des barri\u00e8res et des mauvaises habitudes et nous r\u00e9orientons ou d\u00e9connectons les voies c\u00e9r\u00e9brales afin d&rsquo;en recr\u00e9er de nouvelles.<\/p>\n<p style=\"\">\n<p style=\"\">C&rsquo;EST CE QUE JE FAIS.<\/p>\n<p style=\"\">J&rsquo;utilise des processus sp\u00e9cifiques avec mes clients afin de d\u00e9connecter les nuisances dont ils n&rsquo;ont plus besoin et qui les mettent en mode auto-sabotage.<\/p>\n<p style=\"\"><strong>\u00ab A \u00bb POUR ACTUALISATION<\/strong><\/p>\n<p style=\"\">Une fois l&rsquo;espace cr\u00e9\u00e9, vous pouvez installer les nouveaux planchers et les nouvelles armoires. Vous \u00eates mentalement pr\u00eat \u00e0 installer de nouveaux comportements et de nouvelles croyances, ainsi que le plan d&rsquo;action que vous avez \u00e9labor\u00e9 \u00e0 la premi\u00e8re \u00e9tape. Vous pouvez actualiser vos objectifs.<\/p>\n<h2 style=\"color: rgb(39, 181, 242) !important; --tcb-applied-color:rgb(39, 181, 242)  !important;\"><strong><span>SSPT &#8211; Traumatismes &#8211; Phobies<\/span><\/strong><\/h2>\n<p style=\"text-align: justify;\"><span style=\"\">En plus de mon syst\u00e8me D.N.A. et des multiples processus que j&rsquo;utilise avec mes clients, je suis \u00e9galement praticienne certifi\u00e9e du protocole RTM.<\/span><\/p>\n<p style=\"text-align: justify;\"><span style=\"\">Le protocole de reconsolidation des souvenirs traumatiques (RTM) est un traitement r\u00e9volutionnaire d&rsquo;une efficacit\u00e9 unique pour le SSPT. Le cr\u00e9ateur de la RTM, le Dr Frank Bourke, s&rsquo;est rendu compte de l&rsquo;efficacit\u00e9 de ce protocole en travaillant aupr\u00e8s des employ\u00e9s dont les bureaux se trouvaient au-dessus du 100e \u00e9tage de la tour 2, lors du 11 septembre 2001. Il s&rsquo;est donn\u00e9 pour mission de prouver scientifiquement son efficacit\u00e9 clinique et d&rsquo;en faire profiter les millions de personnes qui en auraient besoin. Le projet RandR est une organisation \u00e0 but non lucratif 501\u00a93 qui se consacre \u00e0 offrir le traitement r\u00e9volutionnaire qu&rsquo;est le protocole RTM \u00e0 l&rsquo;\u00e9chelle nationale. C&rsquo;est un protocole de r\u00e9imagerie non-m\u00e9dicamenteux qui s&rsquo;administre en 5 heures et qui, sous un examen scientifique rigoureux, \u00e9limine les sympt\u00f4mes du SSPT chez plus de 90 % des personnes trait\u00e9es. <\/span><\/p>\n<p style=\"text-align: justify;\"><span style=\"\">Le protocole RTM est fi\u00e8rement soutenu par :<\/span><\/p>\n<p><span><img data-recalc-dims=\"1\" decoding=\"async\" alt=\"\" data-id=\"12964\" width=\"119\" data-init-width=\"198\" height=\"124\" data-init-height=\"206\" title=\"Screen Shot 2021-10-02 at 9.51.46 AM\" loading=\"lazy\" src=\"https:\/\/i0.wp.com\/harmless-temper.flywheelstaging.com\/wp-content\/uploads\/2021\/10\/Screen-Shot-2021-10-02-at-9.51.46-AM-e1633193751192.png?resize=119%2C124&#038;quality=80&#038;ssl=1\" data-width=\"119\" data-height=\"124\" style=\"\"><\/span><span><img data-recalc-dims=\"1\" decoding=\"async\" alt=\"\" data-id=\"12969\" width=\"119\" data-init-width=\"197\" height=\"118\" data-init-height=\"196\" title=\"Screen Shot 2021-10-02 at 9.52.34 AM\" loading=\"lazy\" src=\"https:\/\/i0.wp.com\/harmless-temper.flywheelstaging.com\/wp-content\/uploads\/2021\/10\/Screen-Shot-2021-10-02-at-9.52.34-AM-e1633193907439.png?resize=119%2C118&#038;quality=80&#038;ssl=1\" data-width=\"119\" data-height=\"118\" style=\"\"><\/span><span><img data-recalc-dims=\"1\" decoding=\"async\" alt=\"\" data-id=\"12967\" width=\"114\" data-init-width=\"386\" height=\"83\" data-init-height=\"280\" title=\"Screen Shot 2021-10-02 at 9.52.01 AM\" loading=\"lazy\" src=\"https:\/\/i0.wp.com\/harmless-temper.flywheelstaging.com\/wp-content\/uploads\/2021\/10\/Screen-Shot-2021-10-02-at-9.52.01-AM.png?resize=114%2C83&#038;quality=80&#038;ssl=1\" data-width=\"114\" data-height=\"83\" style=\"\"><\/span><span><img data-recalc-dims=\"1\" decoding=\"async\" alt=\"\" data-id=\"12966\" width=\"119\" data-init-width=\"185\" height=\"37\" data-init-height=\"58\" title=\"Screen Shot 2021-10-02 at 9.51.57 AM\" loading=\"lazy\" src=\"https:\/\/i0.wp.com\/harmless-temper.flywheelstaging.com\/wp-content\/uploads\/2021\/10\/Screen-Shot-2021-10-02-at-9.51.57-AM-e1633194584359.png?resize=119%2C37&#038;quality=80&#038;ssl=1\" data-width=\"119\" data-height=\"37\" style=\"\"><\/span><span><img data-recalc-dims=\"1\" decoding=\"async\" alt=\"\" data-id=\"12965\" width=\"115\" data-init-width=\"172\" height=\"131\" data-init-height=\"196\" title=\"Screen Shot 2021-10-02 at 9.51.51 AM\" loading=\"lazy\" src=\"https:\/\/i0.wp.com\/harmless-temper.flywheelstaging.com\/wp-content\/uploads\/2021\/10\/Screen-Shot-2021-10-02-at-9.51.51-AM-e1633193811180.png?resize=115%2C131&#038;quality=80&#038;ssl=1\" data-width=\"115\" data-height=\"131\" style=\"\"><\/span><span><img data-recalc-dims=\"1\" decoding=\"async\" alt=\"\" data-id=\"12968\" width=\"117\" data-init-width=\"200\" height=\"89\" data-init-height=\"152\" title=\"Screen Shot 2021-10-02 at 9.52.07 AM\" loading=\"lazy\" src=\"https:\/\/i0.wp.com\/harmless-temper.flywheelstaging.com\/wp-content\/uploads\/2021\/10\/Screen-Shot-2021-10-02-at-9.52.07-AM-e1633193869267.png?resize=117%2C89&#038;quality=80&#038;ssl=1\" data-width=\"117\" data-height=\"89\" style=\"\"><\/span><\/p>\n<p style=\"text-align: center; color: var(--tcb-tpl-color-14)  !important; --tcb-applied-color:  var$(--tcb-tpl-color-14)  !important;\">Coinc\u00e9 dans un dilemme<\/p>\n<p style=\"text-align: justify; color: var(--tcb-tpl-color-14)  !important; --tcb-applied-color: var$(--tcb-tpl-color-14)  !important;\">Transformez ce que vous pensiez \u00eatre un dilemme en une OPPORTUNIT\u00c9 et clarifiez ce que VOUS voulez afin de pouvoir prendre une d\u00e9cision \u00e9clair\u00e9e et vous sentir en confiance! En d\u00e9couvrant et en vous d\u00e9barrassant de ce qui vous emp\u00eache de prendre une d\u00e9cision, vous serez enfin libre de choisir ce qui est le mieux pour VOUS. Devrais-je postuler pour ce nouvel emploi ou rester \u00e0 mon poste actuel? Dois-je d\u00e9m\u00e9nager dans un nouvel appartement ou rester dans ma maison? Devrais-je quitter ma moiti\u00e9 ou rester avec elle?<\/p>\n<p style=\"text-align: center; color: var(--tcb-tpl-color-14)  !important; --tcb-applied-color:  var$(--tcb-tpl-color-14)  !important;\">Sommeil &#8211; Insomnie<\/p>\n<p style=\"text-align: justify; color: var(--tcb-tpl-color-14)  !important; --tcb-applied-color: var$(--tcb-tpl-color-14)  !important;\">Le sommeil est la chose la plus merveilleuse au monde. Sauf si vous ne dormez pas bien. Tous les probl\u00e8mes sont amplifi\u00e9s lorsque vous \u00eates priv\u00e9 de sommeil. Laissez-moi vous aider \u00e0 retrouver l&rsquo;un des outils et alli\u00e9s les plus pr\u00e9cieux sur lequel vous pouvez toujours compter : une bonne nuit de sommeil!<\/p>\n<p style=\"text-align: center; color: var(--tcb-tpl-color-14)  !important; --tcb-applied-color:  var$(--tcb-tpl-color-14)  !important;\">Tabagisme &#8211; Toxicomanie &#8211; Mauvaises habitudes<\/p>\n<p style=\"text-align: justify; color: var(--tcb-tpl-color-14)  !important; --tcb-applied-color: var$(--tcb-tpl-color-14)  !important;\">Il n&rsquo;est pas facile d&rsquo;arr\u00eater de fumer ou de se d\u00e9faire d&rsquo;une mauvaise habitude. Quel que soit le probl\u00e8me, il s&rsquo;agit de changer votre \u00e9tat d&rsquo;esprit pour identifier l&rsquo;intention qui se cache derri\u00e8re le comportement, de trouver un autre moyen de l&rsquo;accomplir et de red\u00e9finir ce que sera votre vie et qui vous serez une fois lib\u00e9r\u00e9.<\/p>\n<p style=\"text-align: center; color: var(--tcb-tpl-color-14)  !important; --tcb-applied-color:  var$(--tcb-tpl-color-14)  !important;\">Relations Interpersonnelles<\/p>\n<p style=\"text-align: justify; color: var(--tcb-tpl-color-14)  !important; --tcb-applied-color: var$(--tcb-tpl-color-14)  !important;\">Que vous ne supportiez pas votre coll\u00e8gue de travail, que vous ayez des probl\u00e8mes de communication avec votre enfant, que vous ayez des probl\u00e8mes conjugaux, que vous \u00e9prouviez des difficult\u00e9s dans une relation actuelle ou que vous ayez des amis qui ont une mauvaise influence, vous pouvez vous familiariser avec des outils sp\u00e9cifiques pour faire passer vos relations au niveau sup\u00e9rieur. J&rsquo;ai \u00e9galement aid\u00e9 de nombreux clients \u00e0 trouver le partenaire de leurs r\u00eaves.<\/p>\n<p style=\"text-align: center; color: var(--tcb-tpl-color-14)  !important; --tcb-applied-color:  var$(--tcb-tpl-color-14)  !important;\">Carri\u00e8re<\/p>\n<p style=\"text-align: justify; color: var(--tcb-tpl-color-14)  !important; --tcb-applied-color: var$(--tcb-tpl-color-14)  !important;\">Vous voulez progresser dans votre carri\u00e8re? \u00catre plus performant au travail? Postuler pour cette promotion? Changer d&#8217;emploi? D\u00e9velopper votre entreprise? M\u00eame si nous aimerions laisser nos probl\u00e8mes personnels dans la voiture en arrivant au travail, ils nous suivent partout et ils ont une incidence sur l&rsquo;atteinte de nos objectifs.<\/p>\n<p style=\"text-align: center; color: var(--tcb-tpl-color-14)  !important; --tcb-applied-color:  var$(--tcb-tpl-color-14)  !important;\">Mentorat<\/p>\n<p style=\"text-align: justify; color: var(--tcb-tpl-color-14)  !important; --tcb-applied-color: var$(--tcb-tpl-color-14)  !important;\">Nul besoin de r\u00e9inventer la roue. Beaucoup de mes clients savent que je suis une experte de la confiance en soi, mais ils ne viennent pas me voir parce qu&rsquo;ils veulent \u00eatre plus confiants, ils veulent que je leur apprenne \u00e0 gagner plus d&rsquo;argent. J&rsquo;ai b\u00e2ti une entreprise florissante et j&rsquo;ai commis toutes les erreurs possibles. Laissez-moi vous aider \u00e0 trouver ce qui fonctionne.<\/p>\n<h2 style=\"color: rgb(39, 181, 242) !important; --tcb-applied-color:rgb(39, 181, 242)  !important;\"><strong><span>Nathalie Plamondon-Thomas<\/span><\/strong><\/h2>\n<h2 style=\"color: rgb(255, 255, 255) !important; --tcb-applied-color:rgb(255, 255, 255)  !important;\">En personne ou virtuellement.<\/h2>\n<h2 style=\"text-align: justify;\">J&rsquo;ai des clients en Europe, en Am\u00e9rique du Sud, en Australie, aux \u00c9tats-Unis et au Canada. Nous discutons dans ma salle de conf\u00e9rence Zoom priv\u00e9e. Si vous pr\u00e9f\u00e9rez l&rsquo;exp\u00e9rience en personne, mon bureau est situ\u00e9 \u00e0 White Rock, en Colombie-Britannique, au Canada.<\/h2>\n<h2 style=\"text-align: left;\"><strong>R\u00e9servez votre caf\u00e9 virtuel&nbsp;<\/strong><\/h2>\n<h2 style=\"text-align: left;\"><strong>GRATUIT avec moi&nbsp;<\/strong><\/h2>\n<p style=\"text-align: left; color: rgb(12, 218, 255) !important; --tcb-applied-color:rgb(12, 218, 255)  !important;\"><span style=\"font-weight: normal;\"><span><span style=\"font-family: Georgia, serif; font-size: 22px; color: rgb(255, 255, 255);\"><span><span><span>pour discuter de la fa\u00e7on dont je peux vous aider, vous ou votre organisation, \u00e0 vivre \u00e0 votre<\/span><span>&nbsp;&nbsp;<\/span><\/span><\/span><span><span><span><span><span><span>Plein potentiel!<\/span><\/span><\/span><\/span><\/span><\/span><\/span><\/span><\/span><\/p>\n<h3><strong><span>Contactez-moi au<\/span><\/strong><\/h3>\n<h3><strong>778.899.0260<\/strong><\/h3>\n","protected":false},"excerpt":{"rendered":"<p>NATHALIE&nbsp; PLAMONDON-THOMAS CONFIDENCE EXPERT Watch the&nbsp;Video to find out how Nathalie&rsquo;s neurosciences journey started COACHING INDIVIDUEL Trouvez la confiance afin de vivre \u00e0 votre plein potentiel!&nbsp; Visionnez le vid\u00e9o D\u00e9barrassez-vous de votre discours int\u00e9rieur n\u00e9gatif &#8211; Mauvaises habitudes &nbsp;&#8211; Traumatismes &#8211; SSPT &amp; encore plus Allez-vous chez le dentiste? M\u00eame les gens ayant une hygi\u00e8ne [&hellip;]<\/p>\n","protected":false},"author":3,"featured_media":0,"parent":0,"menu_order":0,"comment_status":"closed","ping_status":"closed","template":"","meta":{"footnotes":""},"class_list":["post-17694","page","type-page","status-publish","hentry","post-wrapper","thrv_wrapper"],"jetpack_sharing_enabled":true,"_links":{"self":[{"href":"https:\/\/thinkyourself.com\/fr\/wp-json\/wp\/v2\/pages\/17694","targetHints":{"allow":["GET"]}}],"collection":[{"href":"https:\/\/thinkyourself.com\/fr\/wp-json\/wp\/v2\/pages"}],"about":[{"href":"https:\/\/thinkyourself.com\/fr\/wp-json\/wp\/v2\/types\/page"}],"author":[{"embeddable":true,"href":"https:\/\/thinkyourself.com\/fr\/wp-json\/wp\/v2\/users\/3"}],"replies":[{"embeddable":true,"href":"https:\/\/thinkyourself.com\/fr\/wp-json\/wp\/v2\/comments?post=17694"}],"version-history":[{"count":10,"href":"https:\/\/thinkyourself.com\/fr\/wp-json\/wp\/v2\/pages\/17694\/revisions"}],"predecessor-version":[{"id":19093,"href":"https:\/\/thinkyourself.com\/fr\/wp-json\/wp\/v2\/pages\/17694\/revisions\/19093"}],"wp:attachment":[{"href":"https:\/\/thinkyourself.com\/fr\/wp-json\/wp\/v2\/media?parent=17694"}],"curies":[{"name":"wp","href":"https:\/\/api.w.org\/{rel}","templated":true}]}}