{"id":10521,"date":"2021-03-11T07:03:32","date_gmt":"2021-03-11T15:03:32","guid":{"rendered":"https:\/\/thinkyourself.com\/?page_id=10521"},"modified":"2023-02-22T07:15:10","modified_gmt":"2023-02-22T15:15:10","slug":"guidesante","status":"publish","type":"page","link":"https:\/\/thinkyourself.com\/fr\/guidesante\/","title":{"rendered":"Free Gift \u2013 EN SANT\u00c9 Par La Pens\u00e9e \u2013 Guide Sant\u00e9"},"content":{"rendered":"<p><span><img data-recalc-dims=\"1\" decoding=\"async\" alt=\"\" data-id=\"10807\" width=\"353\" data-init-width=\"344\" height=\"457\" data-init-height=\"445\" title=\"Screen Shot 2021-03-11 at 7.04.19 AM\" loading=\"lazy\" src=\"https:\/\/i0.wp.com\/thinkyourself.com\/wp-content\/uploads\/2021\/03\/Screen-Shot-2021-03-11-at-7.04.19-AM.png?resize=353%2C457&#038;quality=80&#038;ssl=1\" data-width=\"353\" data-height=\"457\" style=\"\" ml-t=\"0\"><\/span><\/p>\n<h1 style=\"text-align: center;\"><span>OUPS, VOUS VENEZ DE MANGER UN BISCUIT!&nbsp;<\/span><\/h1>\n<p><span><\/span><\/p>\n<h1 style=\"text-align: center;\"><span style=\"\">Eh bien, rien d&rsquo;autre \u00e0 faire que de manger la bo\u00eete enti\u00e8re maintenant, non?<\/span><\/h1>\n<h1 style=\"text-align: center;\"><strong><span>De toute fa\u00e7on, vous avez g\u00e2ch\u00e9 votre journ\u00e9e.<\/span><\/strong><\/h1>\n<h4 style=\"text-align: center;\">Fatigu\u00e9 des r\u00e9gimes yo-yo et de vous sentir comme si vous vous priviez constamment?&nbsp;<\/h4>\n<h4 style=\"text-align: center;\">T\u00e9l\u00e9chargez votre copie du &nbsp;<\/h4>\n<h4 style=\"text-align: center;\"><strong><span style=\"text-decoration: underline;\">Guide Sant\u00e9 de Nathalie &#8211; Avec 27 Trucs Simples Pour Mener une Vie Dynamique<\/span><\/strong><\/h4>\n<ul>\n<li><span style=\"\">27 Trucs Simples et Pratiques pour Mener une Vie Dynamique. <\/span><\/li>\n<li><span>Aborde les 6 Couches Neurologiques qui Doivent \u00catre Travaill\u00e9es Afin de Changer Votre Mentalit\u00e9.<\/span><\/li>\n<li><span>Questions Efficaces pour Mettre vos Connaissances en Application.<\/span><\/li>\n<\/ul>\n<h5 style=\"text-align: center;\">Nathalie Plamondon-Thomas<\/h5>\n<p style=\"text-align: center;\">Fondatrice de l&rsquo;ACAD\u00c9MIE Par La Pens\u00e9e\u00ae &amp; Cr\u00e9atrice de En SANT\u00c9 Par La Pens\u00e9e\u00ae&nbsp;<\/p>\n<h3 style=\"text-align: left; color: rgb(27, 28, 37) !important; --tcb-applied-color:rgb(27, 28, 37)  !important;\"><strong>\u00c0 Propos De&nbsp;<\/strong><span style=\"color: var(--tcb-tpl-color-1); font-size: 32px;\">Nathalie Plamondon-Thomas<\/span><\/h3>\n<p style=\"text-align: justify;\">Nathalie Plamondon-Thomas, conf\u00e9renci\u00e8re canadienne de l&rsquo;ann\u00e9e 2021, est une experte de la confiance en soi. Elle est l&rsquo;autrice de seize livres bestsellers internationaux, dont un livre co-\u00e9crit avec Kevin Harrington (Shark Tank) et endoss\u00e9 par Tony Robbins. Elle est la fondatrice et la directrice g\u00e9n\u00e9rale de l&rsquo;Acad\u00e9mie Par La Pens\u00e9e, qui propose des conf\u00e9rences et des formations, des cours en ligne de pointe et du coaching individuel de transformation strat\u00e9gique.<\/p>\n<p style=\"text-align: justify;\">Au cours des 30 derni\u00e8res ann\u00e9es, elle a inspir\u00e9 plus de 100 000 personnes et donn\u00e9 \u00e0 des milliers de clients dans le monde entier les moyens de se d\u00e9barrasser de leur discours n\u00e9gatif. Elle combine plus de 10 ans d&rsquo;exp\u00e9rience dans les ressources humaines, 25 ans d&rsquo;exp\u00e9rience dans la vente et plus de 35 ans de services distingu\u00e9s dans le secteur du fitness. Elle fait partie du conseil d&rsquo;administration de l&rsquo;Association Canadienne des Conf\u00e9renciers Professionnels et a r\u00e9cemment re\u00e7u le prix du pr\u00e9sident de 2022.<\/p>\n<p style=\"\">Copyright &#8211; <span data-attr-id=\"1\" data-extra_key=\"1\" data-shortcode=\"thrive_global_fields\" data-shortcode-name=\"[Company] Company Name\">THINK Yourself\u00ae ACADEMY<\/span><\/p>\n<p style=\"\"><u><span data-attr-id=\"7\" data-extra_key=\"2\" data-shortcode=\"thrive_global_fields\" data-shortcode-name=\"[Legal] Disclaimer\"><\/span><\/u><\/p>\n","protected":false},"excerpt":{"rendered":"<p>OUPS, VOUS VENEZ DE MANGER UN BISCUIT!&nbsp; Eh bien, rien d&rsquo;autre \u00e0 faire que de manger la bo\u00eete enti\u00e8re maintenant, non? De toute fa\u00e7on, vous avez g\u00e2ch\u00e9 votre journ\u00e9e. Fatigu\u00e9 des r\u00e9gimes yo-yo et de vous sentir comme si vous vous priviez constamment?&nbsp; T\u00e9l\u00e9chargez votre copie du &nbsp; Guide Sant\u00e9 de Nathalie &#8211; Avec 27 [&hellip;]<\/p>\n","protected":false},"author":3,"featured_media":0,"parent":0,"menu_order":0,"comment_status":"closed","ping_status":"closed","template":"","meta":{"footnotes":""},"class_list":["post-10521","page","type-page","status-publish","hentry","post-wrapper","thrv_wrapper"],"jetpack_sharing_enabled":true,"_links":{"self":[{"href":"https:\/\/thinkyourself.com\/fr\/wp-json\/wp\/v2\/pages\/10521","targetHints":{"allow":["GET"]}}],"collection":[{"href":"https:\/\/thinkyourself.com\/fr\/wp-json\/wp\/v2\/pages"}],"about":[{"href":"https:\/\/thinkyourself.com\/fr\/wp-json\/wp\/v2\/types\/page"}],"author":[{"embeddable":true,"href":"https:\/\/thinkyourself.com\/fr\/wp-json\/wp\/v2\/users\/3"}],"replies":[{"embeddable":true,"href":"https:\/\/thinkyourself.com\/fr\/wp-json\/wp\/v2\/comments?post=10521"}],"version-history":[{"count":10,"href":"https:\/\/thinkyourself.com\/fr\/wp-json\/wp\/v2\/pages\/10521\/revisions"}],"predecessor-version":[{"id":20044,"href":"https:\/\/thinkyourself.com\/fr\/wp-json\/wp\/v2\/pages\/10521\/revisions\/20044"}],"wp:attachment":[{"href":"https:\/\/thinkyourself.com\/fr\/wp-json\/wp\/v2\/media?parent=10521"}],"curies":[{"name":"wp","href":"https:\/\/api.w.org\/{rel}","templated":true}]}}