{"id":10386,"date":"2021-02-20T13:04:26","date_gmt":"2021-02-20T21:04:26","guid":{"rendered":"https:\/\/thinkyourself.com\/?page_id=10386"},"modified":"2021-02-25T13:14:30","modified_gmt":"2021-02-25T21:14:30","slug":"guideaffaires","status":"publish","type":"page","link":"https:\/\/thinkyourself.com\/fr\/guideaffaires\/","title":{"rendered":"Free Gift \u2013 R\u00c9USSIR EN AFFAIRES Par La Pens\u00e9e \u2013 Guide d&#8217;affaires"},"content":{"rendered":"<p><span><img data-recalc-dims=\"1\" decoding=\"async\" alt=\"\" data-id=\"10530\" width=\"353\" data-init-width=\"655\" height=\"459\" data-init-height=\"852\" title=\"Screen Shot 2021-02-20 at 1.05.41 PM\" loading=\"lazy\" src=\"https:\/\/i0.wp.com\/thinkyourself.com\/wp-content\/uploads\/2021\/02\/Screen-Shot-2021-02-20-at-1.05.41-PM.png?resize=353%2C459&#038;quality=80&#038;ssl=1\" data-width=\"353\" data-height=\"459\" style=\"\" ml-t=\"0\"><\/span><\/p>\n<h1 style=\"text-align: center;\"><span>Vous voulez transformer votre audience de m\u00e9dias sociaux en<\/span><\/h1>\n<h1 style=\"text-align: center;\"><strong><span>CLIENTS PAYANTS?<\/span><\/strong><\/h1>\n<h4 style=\"text-align: center;\">Fatigu\u00e9 d&rsquo;avoir des difficult\u00e9s \u00e0 faire du profit avec votre entreprise?<\/h4>\n<h4 style=\"text-align: center;\">T\u00e9l\u00e9chargez votre exemplaire des<\/h4>\n<h4 style=\"text-align: center;\">&nbsp;<strong><span style=\"text-decoration: underline;\">10 Cl\u00e9s d&rsquo;une Entreprise Prosp\u00e8re&nbsp;<\/span><\/strong><\/h4>\n<h4 style=\"text-align: center;\">et obtenez les r\u00e9ponses qu&rsquo;il vous faut pour vous lancer rapidement :&nbsp;<\/h4>\n<ul>\n<li>      <span style=\"\">Quelles sont les principales cl\u00e9s de la r\u00e9ussite d&rsquo;une entreprise ?<\/span><\/li>\n<li>      <span style=\"\">Quels sont les \u00e9l\u00e9ments \u00e0 mettre en place pour d\u00e9buter ?<\/span><\/li>\n<li>      <span style=\"\">Questions efficaces pour vous aider \u00e0 vous lancer.&nbsp;<\/span><\/li>\n<li>      <span style=\"\">Guide d&rsquo;affaires complet pour le d\u00e9marrage de votre entreprise.<\/span><\/li>\n<\/ul>\n<h5 style=\"text-align: center;\">Nathalie Plamondon-Thomas<\/h5>\n<p style=\"text-align: center;\">Fondatrice de l&rsquo; ACAD\u00c9MIE &nbsp;Par La Pens\u00e9e\u00ae &amp; Cr\u00e9atrice de R\u00c9USSIR EN AFFAIRES Par La Pens\u00e9e\u00ae<\/p>\n<h3 style=\"text-align: left; color: rgb(27, 28, 37) !important; --tcb-applied-color:rgb(27, 28, 37)  !important;\"><strong>\u00c0 Propos De&nbsp;<\/strong><span style=\"color: var(--tcb-tpl-color-1);\">Nathalie Plamondon-Thomas<\/span><\/h3>\n<p style=\"text-align: justify;\">Nathalie est l&rsquo;EXPERTE poss\u00e9dant un SYST\u00c8ME \u00c9PROUV\u00c9 qui vous permet d\u2019obtenir des r\u00e9sultats transformateurs. Elle est l&rsquo;auteure de quinze livres sur le succ\u00e8s, la communication, le bien-\u00eatre et la pens\u00e9e positive, dont huit No.1 Bestsellers internationaux. Elle est la fondatrice et PDG de l\u2019Acad\u00e9mie THINK Yourself\u00ae, offrant du coaching personnalis\u00e9, des conf\u00e9rences et des cours en ligne \u00e0 la fine pointe.<\/p>\n<p style=\"text-align: justify;\">\n<p style=\"text-align: justify;\">Au cours des 30 derni\u00e8res ann\u00e9es, elle a inspir\u00e9 plus de 100 000 spectateurs par ses conf\u00e9rences de motivation et a permis \u00e0 des milliers de clients \u00e0 travers le monde de se d\u00e9barrasser de leur discours int\u00e9rieur n\u00e9gatif. Elle combine plus de 10 ans d&rsquo;exp\u00e9rience en ressources humaines, 25 ans d&rsquo;exp\u00e9rience en vente et plus de 30 ans dans l\u2019industrie du conditionnement physique. En 2007, elle a \u00e9t\u00e9 nomm\u00e9e \u00ab Instructrice Fitness de l\u2019ann\u00e9e \u00bb au Canada.<\/p>\n<p style=\"\">Copyright &#8211; <span data-attr-id=\"1\" data-extra_key=\"1\" data-shortcode=\"thrive_global_fields\" data-shortcode-name=\"[Company] Company Name\">THINK Yourself\u00ae ACADEMY<\/span><\/p>\n<p style=\"\"><u><span data-attr-id=\"7\" data-extra_key=\"2\" data-shortcode=\"thrive_global_fields\" data-shortcode-name=\"[Legal] Disclaimer\"><\/span><\/u><\/p>\n","protected":false},"excerpt":{"rendered":"<p>Vous voulez transformer votre audience de m\u00e9dias sociaux en CLIENTS PAYANTS? Fatigu\u00e9 d&rsquo;avoir des difficult\u00e9s \u00e0 faire du profit avec votre entreprise? T\u00e9l\u00e9chargez votre exemplaire des &nbsp;10 Cl\u00e9s d&rsquo;une Entreprise Prosp\u00e8re&nbsp; et obtenez les r\u00e9ponses qu&rsquo;il vous faut pour vous lancer rapidement :&nbsp; Quelles sont les principales cl\u00e9s de la r\u00e9ussite d&rsquo;une entreprise ? Quels [&hellip;]<\/p>\n","protected":false},"author":3,"featured_media":0,"parent":0,"menu_order":0,"comment_status":"closed","ping_status":"closed","template":"","meta":{"footnotes":""},"class_list":["post-10386","page","type-page","status-publish","hentry","post-wrapper","thrv_wrapper"],"jetpack_sharing_enabled":true,"_links":{"self":[{"href":"https:\/\/thinkyourself.com\/fr\/wp-json\/wp\/v2\/pages\/10386","targetHints":{"allow":["GET"]}}],"collection":[{"href":"https:\/\/thinkyourself.com\/fr\/wp-json\/wp\/v2\/pages"}],"about":[{"href":"https:\/\/thinkyourself.com\/fr\/wp-json\/wp\/v2\/types\/page"}],"author":[{"embeddable":true,"href":"https:\/\/thinkyourself.com\/fr\/wp-json\/wp\/v2\/users\/3"}],"replies":[{"embeddable":true,"href":"https:\/\/thinkyourself.com\/fr\/wp-json\/wp\/v2\/comments?post=10386"}],"version-history":[{"count":10,"href":"https:\/\/thinkyourself.com\/fr\/wp-json\/wp\/v2\/pages\/10386\/revisions"}],"predecessor-version":[{"id":10665,"href":"https:\/\/thinkyourself.com\/fr\/wp-json\/wp\/v2\/pages\/10386\/revisions\/10665"}],"wp:attachment":[{"href":"https:\/\/thinkyourself.com\/fr\/wp-json\/wp\/v2\/media?parent=10386"}],"curies":[{"name":"wp","href":"https:\/\/api.w.org\/{rel}","templated":true}]}}